{"id":1093,"date":"2021-08-27T14:06:28","date_gmt":"2021-08-27T17:06:28","guid":{"rendered":"https:\/\/www.hospitalillapel.cl\/institucional\/?page_id=1093"},"modified":"2025-01-07T10:15:25","modified_gmt":"2025-01-07T13:15:25","slug":"trabaje-con-nosotros","status":"publish","type":"page","link":"https:\/\/www.hospitalillapel.cl\/institucional\/trabaje-con-nosotros\/","title":{"rendered":"Trabaje con nosotros"},"content":{"rendered":"\n<p>Bienvenido(a) a nuestra secci\u00f3n de &#8220;trabaje con nosotros&#8221;. Aqu\u00ed encontrar\u00e1 nuestros cargos disponibles.<\/p>\n\n\n\n<p><\/p>\n","protected":false},"excerpt":{"rendered":"<p>Bienvenido(a) a nuestra secci\u00f3n de &#8220;trabaje con nosotros&#8221;. Aqu\u00ed encontrar\u00e1 nuestros cargos disponibles.<\/p>\n","protected":false},"author":6,"featured_media":1651,"parent":0,"menu_order":0,"comment_status":"closed","ping_status":"closed","template":"","meta":{"footnotes":""},"class_list":["post-1093","page","type-page","status-publish","has-post-thumbnail","hentry"],"_links":{"self":[{"href":"https:\/\/www.hospitalillapel.cl\/institucional\/wp-json\/wp\/v2\/pages\/1093","targetHints":{"allow":["GET"]}}],"collection":[{"href":"https:\/\/www.hospitalillapel.cl\/institucional\/wp-json\/wp\/v2\/pages"}],"about":[{"href":"https:\/\/www.hospitalillapel.cl\/institucional\/wp-json\/wp\/v2\/types\/page"}],"author":[{"embeddable":true,"href":"https:\/\/www.hospitalillapel.cl\/institucional\/wp-json\/wp\/v2\/users\/6"}],"replies":[{"embeddable":true,"href":"https:\/\/www.hospitalillapel.cl\/institucional\/wp-json\/wp\/v2\/comments?post=1093"}],"version-history":[{"count":100,"href":"https:\/\/www.hospitalillapel.cl\/institucional\/wp-json\/wp\/v2\/pages\/1093\/revisions"}],"predecessor-version":[{"id":1941,"href":"https:\/\/www.hospitalillapel.cl\/institucional\/wp-json\/wp\/v2\/pages\/1093\/revisions\/1941"}],"wp:featuredmedia":[{"embeddable":true,"href":"https:\/\/www.hospitalillapel.cl\/institucional\/wp-json\/wp\/v2\/media\/1651"}],"wp:attachment":[{"href":"https:\/\/www.hospitalillapel.cl\/institucional\/wp-json\/wp\/v2\/media?parent=1093"}],"curies":[{"name":"wp","href":"https:\/\/api.w.org\/{rel}","templated":true}]}}