{"id":11,"date":"2018-12-20T15:13:34","date_gmt":"2018-12-20T18:13:34","guid":{"rendered":"http:\/\/hospitalillapel.cl\/institucional\/?page_id=11"},"modified":"2023-10-17T10:51:52","modified_gmt":"2023-10-17T13:51:52","slug":"comunicaciones","status":"publish","type":"page","link":"https:\/\/www.hospitalillapel.cl\/institucional\/comunicaciones\/","title":{"rendered":"\u00bfQui\u00e9nes somos?"},"content":{"rendered":"\n<p><strong>MISI\u00d3N<\/strong><br> El Hospital Dr. Humberto Elorza Cort\u00e9s de Illapel, tiene como misi\u00f3n trabajar para satisfacer las necesidades de salud de sus usuarios, avanzando como hospital de referencia provincial y de integraci\u00f3n docente asistencial, entregando un servicio de excelencia a trav\u00e9s de asistencia igualitaria y oportuna, centrada en los usuarios y con enfoque comunitario, con \u00e9nfasis en la promoci\u00f3n de la salud y estilos de vida saludables, gestionando adecuadamente todos los recursos disponibles.<\/p>\n\n\n\n<p><strong>VISI\u00d3N<\/strong><br> Llegar a ser el mejor Hospital Asistencial-Docente de referencia provincial, integrado a la Red Asistencial del pa\u00eds, entregando una atenci\u00f3n integral y de excelencia, basados en principios de bio\u00e9tica, garantizando el acceso equitativo a las prestaciones de salud de nuestros beneficiarios; todo ello enmarcado dentro de un trato amable y humanitario, con eficiencia en la autogesti\u00f3n de sus recursos.<\/p>\n","protected":false},"excerpt":{"rendered":"<p>MISI\u00d3N El Hospital Dr. Humberto Elorza Cort\u00e9s de Illapel, tiene como misi\u00f3n trabajar para satisfacer las necesidades de salud de sus usuarios, avanzando como hospital de referencia provincial y de integraci\u00f3n docente asistencial, entregando un servicio de excelencia a trav\u00e9s de asistencia igualitaria y oportuna, centrada en los usuarios y con enfoque comunitario, con \u00e9nfasis [&hellip;]<\/p>\n","protected":false},"author":1,"featured_media":0,"parent":0,"menu_order":0,"comment_status":"closed","ping_status":"closed","template":"","meta":{"footnotes":""},"class_list":["post-11","page","type-page","status-publish","hentry"],"_links":{"self":[{"href":"https:\/\/www.hospitalillapel.cl\/institucional\/wp-json\/wp\/v2\/pages\/11","targetHints":{"allow":["GET"]}}],"collection":[{"href":"https:\/\/www.hospitalillapel.cl\/institucional\/wp-json\/wp\/v2\/pages"}],"about":[{"href":"https:\/\/www.hospitalillapel.cl\/institucional\/wp-json\/wp\/v2\/types\/page"}],"author":[{"embeddable":true,"href":"https:\/\/www.hospitalillapel.cl\/institucional\/wp-json\/wp\/v2\/users\/1"}],"replies":[{"embeddable":true,"href":"https:\/\/www.hospitalillapel.cl\/institucional\/wp-json\/wp\/v2\/comments?post=11"}],"version-history":[{"count":8,"href":"https:\/\/www.hospitalillapel.cl\/institucional\/wp-json\/wp\/v2\/pages\/11\/revisions"}],"predecessor-version":[{"id":1961,"href":"https:\/\/www.hospitalillapel.cl\/institucional\/wp-json\/wp\/v2\/pages\/11\/revisions\/1961"}],"wp:attachment":[{"href":"https:\/\/www.hospitalillapel.cl\/institucional\/wp-json\/wp\/v2\/media?parent=11"}],"curies":[{"name":"wp","href":"https:\/\/api.w.org\/{rel}","templated":true}]}}