{"id":13,"date":"2018-12-20T15:13:34","date_gmt":"2018-12-20T18:13:34","guid":{"rendered":"http:\/\/hospitalillapel.cl\/institucional\/?page_id=13"},"modified":"2026-04-06T17:13:18","modified_gmt":"2026-04-06T20:13:18","slug":"preguntas-frecuentes","status":"publish","type":"page","link":"https:\/\/www.hospitalillapel.cl\/institucional\/preguntas-frecuentes\/","title":{"rendered":"\u00bfEn qu\u00e9 te podemos ayudar?"},"content":{"rendered":"\n<p><strong>\u00bfCu\u00e1l es el horario de atenci\u00f3n del Hospital?<\/strong><\/p>\n\n\n\n<p>El Horario de atenci\u00f3n del Hospital de Illapel, Dr. Humberto Elorza Cort\u00e9s es el Siguiente:<\/p>\n\n\n\n<p>Lunes a jueves de 8:00 hrs a 17:00 hrs.<\/p>\n\n\n\n<p>Viernes: 8:00 a 16:00 hrs.<\/p>\n\n\n\n<p>Servicio de Urgencia: Atenci\u00f3n las 24 horas los 365 d\u00edas del a\u00f1o.<\/p>\n\n\n\n<ul class=\"wp-block-list\">\n<li><strong>\u00bfEn el caso que tenga alguna consulta de<br>informaci\u00f3n, d\u00f3nde puedo dirigirme?<\/strong><\/li>\n<\/ul>\n\n\n\n<p>El Hospital cuenta con la oficina de informaciones, reclamos y sugerencias (OIRS), la que se encuentra ubicada a la entrada del establecimiento.<\/p>\n\n\n\n<p>Los horarios de atenci\u00f3n son de lunes a jueves de 08:00 a 17:00 horas y viernes de 08:00 a 16:00 horas.<\/p>\n\n\n\n<p>El tel\u00e9fono de contacto es el 53- 2663810.<\/p>\n\n\n\n<p><strong>Contamos con nuestra fan page institucional <\/strong><a href=\"https:\/\/www.facebook.com\/HospitalIllapel\/\"><strong>https:\/\/www.facebook.com\/HospitalIllapel\/<\/strong><\/a><strong> en la cual puedes hacer tus consultas a trav\u00e9s de la opci\u00f3n mensaje. <\/strong><\/p>\n\n\n\n<p><\/p>\n\n\n\n<ul class=\"wp-block-list\">\n<li><strong>&nbsp;\u00bfD\u00f3nde puedo solicitar el formulario para<br>realizar una sugerencia, un reclamo o una felicitaci\u00f3n?<\/strong><\/li>\n<\/ul>\n\n\n\n<p>En la ventanilla de la OIRS; ventanilla de admisi\u00f3n en Servicio de Urgencia; buzones dispuestos en\u00a0 los Servicios Cl\u00ednicos\u00a0 y a trav\u00e9s del siguiente enlace http:\/\/oirs.minsal.cl\/ o directamente desde el men\u00fa Contacto de la P\u00e1gina Web del Hospital.<\/p>\n\n\n\n<ul class=\"wp-block-list\">\n<li><strong>\u00bfCu\u00e1l es el horario de visita a pacientes<br>hospitalizados?<\/strong><\/li>\n<\/ul>\n\n\n\n<p>El horario de visitas depende del Servicio Cl\u00ednico en el cual se encuentre hospitalizado el paciente. Los horarios son los siguientes:<\/p>\n\n\n\n<h3 class=\"wp-block-heading\"><strong>Servicios Hospitalizaci\u00f3n:<\/strong><\/h3>\n\n\n\n<p>Servicio M\u00e9dico Quir\u00fargico Adulto (MQA): 11:00 a 17:00 hrs.<\/p>\n\n\n\n<p><strong>Servicio Camas Medias:  11:00 a 17:00 hrs.<\/strong><\/p>\n\n\n\n<p>Servicio Maternidad: 11:00 a 17:00 hrs.<\/p>\n\n\n\n<h3 class=\"wp-block-heading\"><strong>Servicio M\u00e9dico Quir\u00fargico Infantil:<\/strong><\/h3>\n\n\n\n<p>Pediatr\u00eda: 11:00 a 17:00 hrs. <\/p>\n\n\n\n<h3 class=\"wp-block-heading\"><strong>UTI:<\/strong><\/h3>\n\n\n\n<p>UTI: 15:00 a 17:00 horas<\/p>\n\n\n\n<p><strong>\u00bfC\u00f3mo se solicita la ambulancia en un caso<br>de urgencia? <\/strong><\/p>\n\n\n\n<p>Llamando \u00fanicamente al 131 desde cualquier tel\u00e9fono. No existe otro n\u00famero.<\/p>\n\n\n\n<p><\/p>\n","protected":false},"excerpt":{"rendered":"<p>\u00bfCu\u00e1l es el horario de atenci\u00f3n del Hospital? El Horario de atenci\u00f3n del Hospital de Illapel, Dr. Humberto Elorza Cort\u00e9s es el Siguiente: Lunes a jueves de 8:00 hrs a 17:00 hrs. Viernes: 8:00 a 16:00 hrs. Servicio de Urgencia: Atenci\u00f3n las 24 horas los 365 d\u00edas del a\u00f1o. El Hospital cuenta con la oficina [&hellip;]<\/p>\n","protected":false},"author":1,"featured_media":1626,"parent":0,"menu_order":0,"comment_status":"closed","ping_status":"closed","template":"","meta":{"footnotes":""},"class_list":["post-13","page","type-page","status-publish","has-post-thumbnail","hentry"],"_links":{"self":[{"href":"https:\/\/www.hospitalillapel.cl\/institucional\/wp-json\/wp\/v2\/pages\/13","targetHints":{"allow":["GET"]}}],"collection":[{"href":"https:\/\/www.hospitalillapel.cl\/institucional\/wp-json\/wp\/v2\/pages"}],"about":[{"href":"https:\/\/www.hospitalillapel.cl\/institucional\/wp-json\/wp\/v2\/types\/page"}],"author":[{"embeddable":true,"href":"https:\/\/www.hospitalillapel.cl\/institucional\/wp-json\/wp\/v2\/users\/1"}],"replies":[{"embeddable":true,"href":"https:\/\/www.hospitalillapel.cl\/institucional\/wp-json\/wp\/v2\/comments?post=13"}],"version-history":[{"count":14,"href":"https:\/\/www.hospitalillapel.cl\/institucional\/wp-json\/wp\/v2\/pages\/13\/revisions"}],"predecessor-version":[{"id":2173,"href":"https:\/\/www.hospitalillapel.cl\/institucional\/wp-json\/wp\/v2\/pages\/13\/revisions\/2173"}],"wp:featuredmedia":[{"embeddable":true,"href":"https:\/\/www.hospitalillapel.cl\/institucional\/wp-json\/wp\/v2\/media\/1626"}],"wp:attachment":[{"href":"https:\/\/www.hospitalillapel.cl\/institucional\/wp-json\/wp\/v2\/media?parent=13"}],"curies":[{"name":"wp","href":"https:\/\/api.w.org\/{rel}","templated":true}]}}