{"id":8,"date":"2018-12-20T15:13:34","date_gmt":"2018-12-20T18:13:34","guid":{"rendered":"http:\/\/hospitalillapel.cl\/institucional\/?page_id=8"},"modified":"2025-09-01T12:58:09","modified_gmt":"2025-09-01T15:58:09","slug":"mi-hospital","status":"publish","type":"page","link":"https:\/\/www.hospitalillapel.cl\/institucional\/mi-hospital\/","title":{"rendered":"Mi Hospital"},"content":{"rendered":"\n<p>Hospital de Illapel cambia su nombre de Hospital San Juan de Dios a Dr. Humberto Elorza Cort\u00e9s, destacado m\u00e9dico de la zona.<\/p>\n\n\n\n<p>Esto a ra\u00edz de la decisi\u00f3n\nadoptada por el Consejo Municipal y Consejo Regional de Coquimbo. El m\u00e9dico\ncirujano fue nominado como \u201cm\u00e9dico de los pobres\u201d, por su entrega profesional a\npersonas de escasos recursos, por la creaci\u00f3n de organizaciones sociales y\nprestar servicios en instituciones de la provincia.Con la presencia de\nautoridades comunales, los Consejeros Regionales Washington Altamirano, Miguel\n\u00c1ngel Rebolledo, Roberto Vald\u00e9s y el hijo del mencionado Dr. Humberto Elorza,\ntambi\u00e9n Consejero Regional, Francisco Elorza S., adem\u00e1s de la Gobernadora de\nChoapa, GisselaMateluna y familia del extinto m\u00e9dico, se realiz\u00f3 la ceremonia\nde cambio de nombre del Hospital deIllapel \u201cSan Juan de Dios\u201d a \u201cDr. Humberto\nElorza Cort\u00e9s\u201d de quien fue director y funcionario.<\/p>\n\n\n\n<p>El cambio de nominaci\u00f3n se lleva\na cabo luego que el Consejo Municipal de Illapel solicit\u00f3 al Ministerio de\nSalud, durante el a\u00f1o 2007, sustituir el nombre para recordar y honrar la labor\nprofesional y ad honorem del Doctor Humberto Elorza Cort\u00e9s. La petici\u00f3n tambi\u00e9n\nfue reconocida por el Consejo Regional de Coquimbo que por unanimidad aceptan\nmodificar el nombre del hospital de Illapel. El 26 de mayo del 2008 el\nMinisterio de Salud decret\u00f3 finalmente el cambio. El Director del Hospital de\nIllapel, Leonardo Rivas, expres\u00f3 que en esta ocasi\u00f3n \u201cse est\u00e1 recordando la\nfigura del doctor, destacando su vocaci\u00f3n de servicio, que transform\u00f3 la\nmedicina en un arte y religi\u00f3n que entreg\u00f3 a toda la comunidad\u201d.<\/p>\n\n\n\n<h3 class=\"wp-block-heading\">Autoridades actuales<\/h3>\n\n\n\n<h3 class=\"wp-block-heading\">Direcci\u00f3n<\/h3>\n\n\n\n<figure class=\"wp-block-image is-resized\"><img loading=\"lazy\" decoding=\"async\" src=\"https:\/\/www.hospitalillapel.cl\/institucional\/wp-content\/uploads\/2025\/08\/CARLOS-BECERRA-VILLAGRA-875x1024.jpg\" alt=\"\" class=\"wp-image-1957\" width=\"524\" height=\"612\" srcset=\"https:\/\/www.hospitalillapel.cl\/institucional\/wp-content\/uploads\/2025\/08\/CARLOS-BECERRA-VILLAGRA-875x1024.jpg 875w, https:\/\/www.hospitalillapel.cl\/institucional\/wp-content\/uploads\/2025\/08\/CARLOS-BECERRA-VILLAGRA-256x300.jpg 256w, https:\/\/www.hospitalillapel.cl\/institucional\/wp-content\/uploads\/2025\/08\/CARLOS-BECERRA-VILLAGRA-768x899.jpg 768w\" sizes=\"auto, (max-width: 524px) 100vw, 524px\" \/><\/figure>\n\n\n\n<p>Est\u00e1 a cargo del ingeniero don Carlos Becerra Villagra,  cuya labor principal  es ejecutar y gestionar las acciones integradas de salud que se deban cumplir en los diversos \u00e1mbitos de competencia del Hospital de Illapel, en conformidad con las pol\u00edticas, normalizaci\u00f3n, planes y programas a los que est\u00e1n sujetas las instituciones de salud. Todo este trabajo se realiza bajo la supervisi\u00f3n del Servicio de Salud Coquimbo.<\/p>\n\n\n\n<p><strong>Subdirecciones<\/strong><\/p>\n\n\n\n<div class=\"wp-block-image\"><figure class=\"alignleft is-resized\"><img loading=\"lazy\" decoding=\"async\" src=\"https:\/\/www.hospitalillapel.cl\/institucional\/wp-content\/uploads\/2025\/08\/MARIANGELA-BRACHO-768x1024.jpg\" alt=\"\" class=\"wp-image-1955\" width=\"286\" height=\"381\" srcset=\"https:\/\/www.hospitalillapel.cl\/institucional\/wp-content\/uploads\/2025\/08\/MARIANGELA-BRACHO-768x1024.jpg 768w, https:\/\/www.hospitalillapel.cl\/institucional\/wp-content\/uploads\/2025\/08\/MARIANGELA-BRACHO-225x300.jpg 225w, https:\/\/www.hospitalillapel.cl\/institucional\/wp-content\/uploads\/2025\/08\/MARIANGELA-BRACHO-660x880.jpg 660w\" sizes=\"auto, (max-width: 286px) 100vw, 286px\" \/><\/figure><\/div>\n\n\n\n<p><strong>Subdirecci\u00f3n M\u00e9dica (SDM)<\/strong><\/p>\n\n\n\n<p>Est\u00e1 a cargo de la&nbsp;<strong>Dra. Mariangela Bracho<\/strong>,&nbsp;pediatra, quien dirige, coordina y controla la gesti\u00f3n cl\u00ednica y asistencial del establecimiento, considerando el modelo de gesti\u00f3n hospitalaria definido por el Ministerio de Salud, el cual es adaptado a la realidad local.<\/p>\n\n\n\n<p>Contacto Secretar\u00eda SDM:&nbsp;<a href=\"mailto: fabiola.olmeno@redsalud.gov.cl\">fabiola.olmeno@redsalud.gob.cl<\/a>   532663776<\/p>\n\n\n\n<p><\/p>\n\n\n\n<p><\/p>\n\n\n\n<p><br> <strong>Subdirecci\u00f3n Administrativa (SDA)<\/strong>  <\/p>\n\n\n\n<div class=\"wp-block-image\"><figure class=\"alignleft is-resized\"><img loading=\"lazy\" decoding=\"async\" src=\"https:\/\/www.hospitalillapel.cl\/institucional\/wp-content\/uploads\/2024\/05\/DR_SDA.jpg\" alt=\"\" class=\"wp-image-1910\" width=\"286\" height=\"239\" srcset=\"https:\/\/www.hospitalillapel.cl\/institucional\/wp-content\/uploads\/2024\/05\/DR_SDA.jpg 571w, https:\/\/www.hospitalillapel.cl\/institucional\/wp-content\/uploads\/2024\/05\/DR_SDA-300x251.jpg 300w\" sizes=\"auto, (max-width: 286px) 100vw, 286px\" \/><\/figure><\/div>\n\n\n\n<p>Dicha gesti\u00f3n est\u00e1 a cargo del Ingeniero en Administraci\u00f3n de Empresas, Diplomado en Gesti\u00f3n Contable y Financiera de la Universidad Adolfo Ib\u00e1\u00f1ez y Magister de Gesti\u00f3n en Salud de la Universidad del Desarrollo,<strong>&nbsp;Diego Rivera G\u00f3mez<\/strong>, quien lidera el proceso de planificaci\u00f3n, desarrollo y evaluaci\u00f3n en materias relacionadas con la administraci\u00f3n y gesti\u00f3n de los recursos financieros, f\u00edsicos y tecnol\u00f3gicos en \u00e1mbitos de presupuesto, inversi\u00f3n y log\u00edstica. <\/p>\n\n\n\n<p>Liderar las acciones orientadas al cumplimiento de los objetivos sanitarios, plan de salud y modelo de atenci\u00f3n, promoviendo una mejor coordinaci\u00f3n de las redes asistenciales, movilizando y gestionando los recursos de manera oportuna en beneficio de los usuarios del Sistema. <\/p>\n\n\n\n<p>Contacto Secretar\u00eda SDA: <a href=\"mailto: miryan.rozas@redsalud.gob.cl\">miryan.rozas@redsalud.gob.cl<\/a>      532663774<\/p>\n\n\n\n<div class=\"wp-block-image\"><figure class=\"alignleft is-resized\"><img loading=\"lazy\" decoding=\"async\" src=\"https:\/\/www.hospitalillapel.cl\/institucional\/wp-content\/uploads\/2020\/02\/RRHH-684x1024.jpg\" alt=\"\" class=\"wp-image-446\" width=\"225\" height=\"337\" srcset=\"https:\/\/www.hospitalillapel.cl\/institucional\/wp-content\/uploads\/2020\/02\/RRHH-684x1024.jpg 684w, https:\/\/www.hospitalillapel.cl\/institucional\/wp-content\/uploads\/2020\/02\/RRHH-200x300.jpg 200w, https:\/\/www.hospitalillapel.cl\/institucional\/wp-content\/uploads\/2020\/02\/RRHH-768x1149.jpg 768w, https:\/\/www.hospitalillapel.cl\/institucional\/wp-content\/uploads\/2020\/02\/RRHH-660x988.jpg 660w, https:\/\/www.hospitalillapel.cl\/institucional\/wp-content\/uploads\/2020\/02\/RRHH.jpg 1690w\" sizes=\"auto, (max-width: 225px) 100vw, 225px\" \/><\/figure><\/div>\n\n\n\n<p><strong>Subdirecci\u00f3n de Recursos Humanos (SDRR.HH)<\/strong><\/p>\n\n\n\n<p>La dirige la Ingeniera Comercial,<strong>&nbsp;Alejandra Gallardo Valencia<\/strong>, quien tiene a su cargo el ciclo de vida laboral completo, por ello, dicha subdirecci\u00f3n implementa sistemas de reclutamiento, selecci\u00f3n, inducci\u00f3n, evaluaci\u00f3n de desempe\u00f1o, formaci\u00f3n y desarrollo de recursos humanos. Del mismo modo, vela por el cumplimiento de la normativa vigente respecto de las remuneraciones, beneficios econ\u00f3micos y sociales de los funcionarios, entre otras tareas asociadas al \u00e1rea.<\/p>\n\n\n\n<p>Contacto: <a href=\"mailto: alejandra.gallardov@redsalud.gob.cl\">alejandra.gallardov@redsalud.gob.cl<\/a><\/p>\n","protected":false},"excerpt":{"rendered":"<p>Hospital de Illapel cambia su nombre de Hospital San Juan de Dios a Dr. Humberto Elorza Cort\u00e9s, destacado m\u00e9dico de la zona. Esto a ra\u00edz de la decisi\u00f3n adoptada por el Consejo Municipal y Consejo Regional de Coquimbo. El m\u00e9dico cirujano fue nominado como \u201cm\u00e9dico de los pobres\u201d, por su entrega profesional a personas de [&hellip;]<\/p>\n","protected":false},"author":1,"featured_media":448,"parent":0,"menu_order":0,"comment_status":"closed","ping_status":"closed","template":"","meta":{"footnotes":""},"class_list":["post-8","page","type-page","status-publish","has-post-thumbnail","hentry"],"_links":{"self":[{"href":"https:\/\/www.hospitalillapel.cl\/institucional\/wp-json\/wp\/v2\/pages\/8","targetHints":{"allow":["GET"]}}],"collection":[{"href":"https:\/\/www.hospitalillapel.cl\/institucional\/wp-json\/wp\/v2\/pages"}],"about":[{"href":"https:\/\/www.hospitalillapel.cl\/institucional\/wp-json\/wp\/v2\/types\/page"}],"author":[{"embeddable":true,"href":"https:\/\/www.hospitalillapel.cl\/institucional\/wp-json\/wp\/v2\/users\/1"}],"replies":[{"embeddable":true,"href":"https:\/\/www.hospitalillapel.cl\/institucional\/wp-json\/wp\/v2\/comments?post=8"}],"version-history":[{"count":41,"href":"https:\/\/www.hospitalillapel.cl\/institucional\/wp-json\/wp\/v2\/pages\/8\/revisions"}],"predecessor-version":[{"id":1981,"href":"https:\/\/www.hospitalillapel.cl\/institucional\/wp-json\/wp\/v2\/pages\/8\/revisions\/1981"}],"wp:featuredmedia":[{"embeddable":true,"href":"https:\/\/www.hospitalillapel.cl\/institucional\/wp-json\/wp\/v2\/media\/448"}],"wp:attachment":[{"href":"https:\/\/www.hospitalillapel.cl\/institucional\/wp-json\/wp\/v2\/media?parent=8"}],"curies":[{"name":"wp","href":"https:\/\/api.w.org\/{rel}","templated":true}]}}